{"id":10,"date":"2022-12-02T21:22:54","date_gmt":"2022-12-02T20:22:54","guid":{"rendered":"https:\/\/xn--bananbrd-c5a.dk\/?page_id=10"},"modified":"2023-02-10T08:37:57","modified_gmt":"2023-02-10T07:37:57","slug":"svensk-poelseret","status":"publish","type":"page","link":"https:\/\/xn--bananbrd-c5a.dk\/","title":{"rendered":"Bananbr\u00f8d"},"content":{"rendered":"\n<div style=\"height:50px\" aria-hidden=\"true\" class=\"wp-block-spacer\"><\/div>\n\n\n\n<h2 class=\"wp-block-heading\">Bananbr\u00f8d: alt du skal vide om den klassiske dessert<\/h2>\n\n\n\n<figure class=\"wp-block-image size-full\"><img loading=\"lazy\" decoding=\"async\" width=\"1024\" height=\"768\" src=\"https:\/\/xn--bananbrd-c5a.dk\/wp-content\/uploads\/2023\/02\/Bananbroed-alt-du-skal-vide-om-den-klassiske-dessert.jpg\" alt=\"\" class=\"wp-image-35\" srcset=\"https:\/\/xn--bananbrd-c5a.dk\/wp-content\/uploads\/2023\/02\/Bananbroed-alt-du-skal-vide-om-den-klassiske-dessert.jpg 1024w, https:\/\/xn--bananbrd-c5a.dk\/wp-content\/uploads\/2023\/02\/Bananbroed-alt-du-skal-vide-om-den-klassiske-dessert-300x225.jpg 300w, https:\/\/xn--bananbrd-c5a.dk\/wp-content\/uploads\/2023\/02\/Bananbroed-alt-du-skal-vide-om-den-klassiske-dessert-768x576.jpg 768w\" sizes=\"auto, (max-width: 1024px) 100vw, 1024px\" \/><\/figure>\n\n\n\n<p>Bananbr\u00f8det er en klassiker, der g\u00e5r rent hjem hos de fleste banan elskere. Du kan spise br\u00f8det, som det er, eller du kan v\u00e6lge at putte et lag sm\u00f8r p\u00e5. Det s\u00f8de br\u00f8d med banan er l\u00e6kkert, fugtigt og enormt let at lave! Vil du vide mere? L\u00e6s med herunder, hvor du f\u00e5r mere information om det bananfyldte br\u00f8d.&nbsp;<\/p>\n\n\n\n<h2 class=\"wp-block-heading\">Bananbr\u00f8dets historie<\/h2>\n\n\n\n<p>Bananbr\u00f8det har eksisteret i mange \u00e5r efterh\u00e5nden. Mange tror, at br\u00f8det stammer fra de tropiske lande, hvor bananer vokser ivrigt. Dette er dog ikke tilf\u00e6ldet! Mange historikere mener, at&nbsp;folk fik \u00f8jnene op for bananbr\u00f8d, da opskrifter begyndte at optr\u00e6de i forskellige nordamerikanske kogeb\u00f8ger i 1930\u00b4erne. En af grundende til dette var, at bagepulver for alvor begyndte masseproduktion. Alle kunne nu bage flotte kager og br\u00f8d. Dette er blot \u00e9n af teorierne omkring br\u00f8dets oprindelse. Nogle f\u00f8devarehistorikere mener, at br\u00f8det udelukkende var et produkt af den store depression. Under den store depression var der ikke r\u00e5d til at smide overmodne bananer ud, og man var derfor n\u00f8d til at finde et nyt form\u00e5l med disse. Dermed begyndte man at bage kager og br\u00f8d med bananerne, efter de var blevet for d\u00e5rlige til at spise r\u00e5. Det er sv\u00e6rt at sige, hvilken af teorierne, der egentligt holder stik. Det kan dog sagtens v\u00e6re en kombination af begge!<\/p>\n\n\n\n<p>I de f\u00f8rste mange \u00e5r efter bananerne kom til USA, blev de ikke anset som ingredienser i madretter og desserter. Da bananbr\u00f8d kom til i 1930, gik der dog ikke lang tid, f\u00f8r alle blev bidt af br\u00f8det. S\u00f8dmen fra bananen gjorde, at den var perfekt egnet som dessert. Bananerne i dejen gjorde, at br\u00f8det forblev fugtigt og l\u00e6kkert i l\u00e6ngere tid ad gangen. Var man arbejder p\u00e5 en fabrik, var bananbr\u00f8det eksempelvis perfekt til madpakken, fordi det var let at spise og kunne holdes fugtigt i l\u00f8bet af en lang arbejdsdag.&nbsp;<\/p>\n\n\n\n<p>Mange har i l\u00f8bet af \u00e5rene glemt alt om bananbr\u00f8det, fordi nye og moderne opskrifter er kommet til. Dette er dog en skam, fordi det klassiske bananbr\u00f8d har en masse at byde p\u00e5. Det er som f\u00f8rn\u00e6vnt let at lave, og man kan kreere sine helt egne variationer af det klassiske br\u00f8d. Hvis du vil lave dit eget br\u00f8d, kan du l\u00e6se mere nedenfor om, hvordan du g\u00f8r dette. Det er garanteret meget lettere, end du lige g\u00e5r og tror!<\/p>\n\n\n\n<h2 class=\"wp-block-heading\">Det klassiske bananbr\u00f8d<\/h2>\n\n\n\n<p>Opskriften p\u00e5 det klassiske banabr\u00f8d er ganske simpel. Til et helt br\u00f8d skal du bruge lidt olie, sukker, \u00e6g, mel, natron, bagepulver, vaniljesukker, salt, m\u00e6lk og selvf\u00f8lgelig en god m\u00e6ngde modne bananer. Her g\u00f8r det absolut ingenting, at bananerne er lidt overmodne. Det er nemlig ofte&nbsp;overmodne og brune bananer, der har den s\u00f8deste smag. Disse er perfekt i det s\u00f8de br\u00f8d. N\u00e5r du har samlet dine ingredienser, er det tid til, at du kan p\u00e5begynde bagningen. Det f\u00f8rste, du skal g\u00f8re, er at t\u00e6nde ovnen p\u00e5 200 grader. Herefter skal du mose bananerne, s\u00e5 de bliver til en bl\u00f8d og j\u00e6vn masse. Derefter skal du blande alle ingredienserne sammen til en dej. Tils\u00e6t derefter bananmassen i dejen. R\u00f8r i dejen, indtil den er bl\u00f8d og uden klumper. Det kan v\u00e6re en fordel at blande de t\u00f8rre ingredienser sammen, f\u00f8r der tils\u00e6ttes v\u00e5de ingredienser som eksempelvis m\u00e6lk og \u00e6g. Dette s\u00f8rger for, at der ikke er store klumper fra eksempelvis mel og vaniljesukker. N\u00e5r du har f\u00e6rdiggjort din dej, skal du finde den rette form til dit bananfyldte br\u00f8d. De fleste v\u00e6lger en rugbr\u00f8dsform, da denne form giver dit br\u00f8d et \u00e6gte br\u00f8d-udtryk. Det er dog helt op til dig at v\u00e6lge, hvilken form dit br\u00f8d skal have! Det vigtigste er, at formen har en smule h\u00f8jde, s\u00e5 br\u00f8det virkelig f\u00e5r lov til at h\u00e6ve op og blive flot. N\u00e5r du har h\u00e6ldt dejen i din valgte form, skal br\u00f8det en tur i ovnen. Fordi alle ovne, og br\u00f8d, er forskellige, skal du selv vurdere, hvorn\u00e5r br\u00f8det har f\u00e5et nok. Det klassiske br\u00f8d skal v\u00e6re gyldent b\u00e5de udenp\u00e5 og indeni. Tag f\u00f8rst br\u00f8det ud af ovnen, n\u00e5r det har f\u00e5et nok p\u00e5 b\u00e5de indersiden og ydersiden!<\/p>\n\n\n\n<h2 class=\"wp-block-heading\">Den sunde version<\/h2>\n\n\n\n<p>Selvom bananbr\u00f8det i forvejen er ganske sundt, fordi der ikke er meget tilsat sukker, kan opskriften sagtens laves&nbsp;sundere. Det kr\u00e6ver blot et par f\u00e5 justeringer. \u00d8nsker du at g\u00f8re br\u00f8det sundere, kan du blandt andet udskifte melet med havregryn. Dette indeholder f\u00e6rre kalorier og flere proteiner. V\u00e6lger du at udskifte melet med havregryn, skal du dog v\u00e6re opm\u00e6rksom p\u00e5, at br\u00f8det kan blive mere fugtigt, da v\u00e6sken fra bananerne binder sig til havregrynene. Derudover kan du v\u00e6lge ikke at tils\u00e6tte sukker til dejen, men i stedet udelukkende bruge bananerne til at tils\u00e6tte s\u00f8dme. Det sunde bananbr\u00f8d smager mindst lige s\u00e5 godt som det almindelige br\u00f8d med tilsat sukker! M\u00e5ske vil det overraske dig, hvor l\u00e6kkert et sundt br\u00f8d med banan faktisk kan smage, hvis det bliver lavet korrekt.&nbsp;<\/p>\n\n\n\n<h2 class=\"wp-block-heading\">Den veganske version<\/h2>\n\n\n\n<p>Bananbr\u00f8det er ikke kun perfekt for dig, der \u00f8nsker en s\u00f8d dessert uden for mange kalorier, men er ogs\u00e5 oplagt for dig, der lever en vegansk livsstil. Du kan nemlig lavet banabr\u00f8det vegansk. Dette kr\u00e6ver blot nogle f\u00e5 justeringer.&nbsp;I stedet for almindeligt sm\u00f8r kan du blandt andet bruges kokosolie. Har du andre former for vegansk fedtstof, kan dette ogs\u00e5 g\u00e5 an. Det vigtigste er, at fedtstoffet kan smeltes!<\/p>\n\n\n\n<h2 class=\"wp-block-heading\">Den krydrede juleversion<\/h2>\n\n\n\n<p>Selvom br\u00f8d og kager med banan kan nydes hele \u00e5ret rundt, er der s\u00e6rligt en h\u00f8jtid, hvor br\u00f8det er oplagt at spise. Denne h\u00f8jtid er jul. Tils\u00e6tter man de rette krydderier til br\u00f8det, kan man komme i den helt rigtige julestemning! Skal du bage den krydrede juleversion af br\u00f8det med banan, skal du bruge flere forskellige ingredienser. Du skal selvf\u00f8lgelig have fat i de klassiske ingredienser som banan, mel, sukker og \u00e6g. Derudover skal du tils\u00e6tte kardemomme, ingef\u00e6r, valn\u00f8dder og eventuelt chokolade, hvis du er til det ekstra s\u00f8de. Processen er den samme, du skal blot tils\u00e6tte de t\u00f8rre ingredienser i den basale dej. Den krydrede juleversion af det snaskede br\u00f8d vil uden tvivl v\u00e6re perfekt p\u00e5 julebordet til f\u00f8rste advent eller en julefrokost!&nbsp;<\/p>\n\n\n\n<h2 class=\"wp-block-heading\">Opbevaring &amp; nedfrysning<\/h2>\n\n\n\n<p>Som tidligere n\u00e6vnt er dette br\u00f8d s\u00e6rligt godt, fordi det holder fugten l\u00e6ngere tid ad end mange andre sandkager. S\u00f8rger du for at opbevare dit br\u00f8d korrekt, kan du nyde br\u00f8det i op til en uge &#8211; hvis det ikke er spist inden da! \u00d8nsker du at opbevare br\u00f8det korrekt, s\u00e5 det holder fugten, kan du med fordel placere det i k\u00f8leskabet. Her er det vigtigt, at du pakker br\u00f8det godt ind. Du kan blandt andet pakke br\u00f8det ind i aluminiumsfolie og herefter placere det i en luftt\u00e6t plastikpose. P\u00e5 denne m\u00e5de er du sikker p\u00e5, at fugten fra br\u00f8det ikke tr\u00e6kker ud, men forbliver intakt. \u00d8nsker du at nedfryse dit l\u00e6kre, bananfyldte br\u00f8d, er proceduren den samme. Det vigtigste er, at du pakker br\u00f8det godt ind.&nbsp;<\/p>\n\n\n\n<h2 class=\"wp-block-heading\">Kan br\u00f8det laves uden bagepulver?<\/h2>\n\n\n\n<p>Du tror det m\u00e5ske ikke, men du kan faktisk bage de fleste kager uden bagepulver. Det samme g\u00e6lder br\u00f8d, og kager, med banan. Det kr\u00e6ver dog, at du har en erstatning for bagepulveret. Har du ikke dette, kan bagv\u00e6rket ikke h\u00e6ve, og du vil f\u00e5 et trist og fladt br\u00f8d. \u00d8nsker du at bage br\u00f8det uden bagepulver, kan du blandt andet g\u00f8re brug af selvstigende mel. V\u00e6lger du at bruge selvstigende mel fremfor bagepulver, skal du v\u00e6re opm\u00e6rksom p\u00e5, at br\u00f8det har en tendens til at falde fra hinanden. Det er alts\u00e5 vigtigt, at du \u00f8ver dig en smule, f\u00f8r du begiver dig ud i udelukkende at bruge selvstigende mel. Dette g\u00e6lder uanset&nbsp;hvilken kage, eller bagv\u00e6rk, du bager.&nbsp;<\/p>\n\n\n\n<h2 class=\"wp-block-heading\">Hvorfor bliver br\u00f8det t\u00f8rt?<\/h2>\n\n\n\n<p>Selvom det virkelig sj\u00e6ldent sker, kan du opleve, at dit banabr\u00f8d bliver t\u00f8rt. Dette kan der v\u00e6re flere forskellige \u00e5rsager til. En af \u00e5rsagerne kan blandt andet v\u00e6re, at du bruger for meget mel i dejen. Bruger du for meget mel i dit br\u00f8d, vil melet suge alt fugten fra bananerne, og br\u00f8det vil blive meget t\u00f8rt. V\u00e6lger du at bruge almindeligt mel til dit br\u00f8d, skal du alts\u00e5 huske at f\u00f8lge en opskrift og lave nogenlunde pr\u00e6cise opm\u00e5linger af melet. En anden grund kan v\u00e6re, at du pisker dejen for h\u00e5rdt. Dejen skal v\u00e6re luftig og let, s\u00e5 den holder fugten og de sm\u00e5 luftbobler, der g\u00f8r den helt luftig og l\u00e6kker, n\u00e5r du tager et stykke. Pisker du dejen for h\u00e5rdt, vil den blive flad og sej, s\u00e5 snart den er bagt. En sidste grund kan v\u00e6re, at du simpelthen ikke bruger nok banan. Bananen er i dette tilf\u00e6lde&nbsp;den prim\u00e6re fugtkilde i br\u00f8det, og der skal derfor v\u00e6re rigelig af det. Bruger du ikke nok banan i dit br\u00f8d, vil man hverken kunne smage eller m\u00e6rke fugten i br\u00f8det. Det er altid bedre at bruge for meget banan end for lidt banan! Det er trods alt et bananbr\u00f8d, du bager.<\/p>\n\n\n\n<div style=\"height:100px\" aria-hidden=\"true\" class=\"wp-block-spacer\"><\/div>\n","protected":false},"excerpt":{"rendered":"<p>Bananbr\u00f8d: alt du skal vide om den klassiske dessert Bananbr\u00f8det er en klassiker, der g\u00e5r rent hjem hos de fleste banan elskere. Du kan spise br\u00f8det, som det er, eller du kan v\u00e6lge at putte et lag sm\u00f8r p\u00e5. Det s\u00f8de br\u00f8d med banan er l\u00e6kkert, fugtigt og enormt let at lave! Vil du vide [&hellip;]<\/p>\n","protected":false},"author":1,"featured_media":0,"parent":0,"menu_order":0,"comment_status":"closed","ping_status":"closed","template":"","meta":{"site-sidebar-layout":"default","site-content-layout":"","ast-site-content-layout":"default","site-content-style":"default","site-sidebar-style":"default","ast-global-header-display":"","ast-banner-title-visibility":"","ast-main-header-display":"","ast-hfb-above-header-display":"","ast-hfb-below-header-display":"","ast-hfb-mobile-header-display":"","site-post-title":"disabled","ast-breadcrumbs-content":"","ast-featured-img":"","footer-sml-layout":"","ast-disable-related-posts":"","theme-transparent-header-meta":"","adv-header-id-meta":"","stick-header-meta":"","header-above-stick-meta":"","header-main-stick-meta":"","header-below-stick-meta":"","astra-migrate-meta-layouts":"default","ast-page-background-enabled":"default","ast-page-background-meta":{"desktop":{"background-color":"var(--ast-global-color-4)","background-image":"","background-repeat":"repeat","background-position":"center center","background-size":"auto","background-attachment":"scroll","background-type":"","background-media":"","overlay-type":"","overlay-color":"","overlay-opacity":"","overlay-gradient":""},"tablet":{"background-color":"","background-image":"","background-repeat":"repeat","background-position":"center center","background-size":"auto","background-attachment":"scroll","background-type":"","background-media":"","overlay-type":"","overlay-color":"","overlay-opacity":"","overlay-gradient":""},"mobile":{"background-color":"","background-image":"","background-repeat":"repeat","background-position":"center center","background-size":"auto","background-attachment":"scroll","background-type":"","background-media":"","overlay-type":"","overlay-color":"","overlay-opacity":"","overlay-gradient":""}},"ast-content-background-meta":{"desktop":{"background-color":"var(--ast-global-color-5)","background-image":"","background-repeat":"repeat","background-position":"center center","background-size":"auto","background-attachment":"scroll","background-type":"","background-media":"","overlay-type":"","overlay-color":"","overlay-opacity":"","overlay-gradient":""},"tablet":{"background-color":"var(--ast-global-color-5)","background-image":"","background-repeat":"repeat","background-position":"center center","background-size":"auto","background-attachment":"scroll","background-type":"","background-media":"","overlay-type":"","overlay-color":"","overlay-opacity":"","overlay-gradient":""},"mobile":{"background-color":"var(--ast-global-color-5)","background-image":"","background-repeat":"repeat","background-position":"center center","background-size":"auto","background-attachment":"scroll","background-type":"","background-media":"","overlay-type":"","overlay-color":"","overlay-opacity":"","overlay-gradient":""}},"footnotes":""},"class_list":["post-10","page","type-page","status-publish","hentry"],"_links":{"self":[{"href":"https:\/\/xn--bananbrd-c5a.dk\/index.php\/wp-json\/wp\/v2\/pages\/10","targetHints":{"allow":["GET"]}}],"collection":[{"href":"https:\/\/xn--bananbrd-c5a.dk\/index.php\/wp-json\/wp\/v2\/pages"}],"about":[{"href":"https:\/\/xn--bananbrd-c5a.dk\/index.php\/wp-json\/wp\/v2\/types\/page"}],"author":[{"embeddable":true,"href":"https:\/\/xn--bananbrd-c5a.dk\/index.php\/wp-json\/wp\/v2\/users\/1"}],"replies":[{"embeddable":true,"href":"https:\/\/xn--bananbrd-c5a.dk\/index.php\/wp-json\/wp\/v2\/comments?post=10"}],"version-history":[{"count":8,"href":"https:\/\/xn--bananbrd-c5a.dk\/index.php\/wp-json\/wp\/v2\/pages\/10\/revisions"}],"predecessor-version":[{"id":37,"href":"https:\/\/xn--bananbrd-c5a.dk\/index.php\/wp-json\/wp\/v2\/pages\/10\/revisions\/37"}],"wp:attachment":[{"href":"https:\/\/xn--bananbrd-c5a.dk\/index.php\/wp-json\/wp\/v2\/media?parent=10"}],"curies":[{"name":"wp","href":"https:\/\/api.w.org\/{rel}","templated":true}]}}